{"id":7184,"date":"2026-01-08T22:18:36","date_gmt":"2026-01-08T21:18:36","guid":{"rendered":"https:\/\/freyawork.cl\/?post_type=product&#038;p=7184"},"modified":"2026-01-08T22:34:43","modified_gmt":"2026-01-08T21:34:43","slug":"chaleco-reflectivo-hombre","status":"publish","type":"product","link":"https:\/\/freyawork.cl\/?product=chaleco-reflectivo-hombre","title":{"rendered":"Chaleco Reflectivo Hombre"},"content":{"rendered":"<h2>Descripci\u00f3n<\/h2>\n<p>Chaleco Reflectivo Clase 3 hombre, versi\u00f3n mejorada del c\u00f3digo 52011. Chaleco vial multiuso con cinta reflectiva, este producto posee tela suave y liviana, convirti\u00e9ndolo en una prenda pr\u00e1ctica y funcional que puede ser usado en diversos rubros. Posee cinta reflectiva de 5cm en el delantero y en espalda, la ubicaci\u00f3n de cinta bajo norma EN 471, esto permite mayor visibilidad nocturna, aumentando la seguridad del trabajador. Cuenta con sistema de ajuste frontal con velcro.<\/p>\n","protected":false},"excerpt":{"rendered":"<p>Chaleco Reflectivo Clase 3, mejorado del c\u00f3digo 52011. Cinta reflectiva de 5cm, tela suave y liviana, ajuste frontal con velcro.<\/p>\n","protected":false},"featured_media":7192,"comment_status":"open","ping_status":"closed","template":"","meta":[],"product_brand":[],"product_cat":[90,91],"product_tag":[102],"class_list":{"0":"post-7184","1":"product","2":"type-product","3":"status-publish","4":"has-post-thumbnail","6":"product_cat-ropa-de-trabajo","7":"product_cat-ropa-tecnica","8":"product_tag-geologos","10":"first","11":"instock","12":"shipping-taxable","13":"purchasable","14":"product-type-variable"},"jetpack_sharing_enabled":true,"_links":{"self":[{"href":"https:\/\/freyawork.cl\/index.php?rest_route=\/wp\/v2\/product\/7184","targetHints":{"allow":["GET"]}}],"collection":[{"href":"https:\/\/freyawork.cl\/index.php?rest_route=\/wp\/v2\/product"}],"about":[{"href":"https:\/\/freyawork.cl\/index.php?rest_route=\/wp\/v2\/types\/product"}],"replies":[{"embeddable":true,"href":"https:\/\/freyawork.cl\/index.php?rest_route=%2Fwp%2Fv2%2Fcomments&post=7184"}],"wp:featuredmedia":[{"embeddable":true,"href":"https:\/\/freyawork.cl\/index.php?rest_route=\/wp\/v2\/media\/7192"}],"wp:attachment":[{"href":"https:\/\/freyawork.cl\/index.php?rest_route=%2Fwp%2Fv2%2Fmedia&parent=7184"}],"wp:term":[{"taxonomy":"product_brand","embeddable":true,"href":"https:\/\/freyawork.cl\/index.php?rest_route=%2Fwp%2Fv2%2Fproduct_brand&post=7184"},{"taxonomy":"product_cat","embeddable":true,"href":"https:\/\/freyawork.cl\/index.php?rest_route=%2Fwp%2Fv2%2Fproduct_cat&post=7184"},{"taxonomy":"product_tag","embeddable":true,"href":"https:\/\/freyawork.cl\/index.php?rest_route=%2Fwp%2Fv2%2Fproduct_tag&post=7184"}],"curies":[{"name":"wp","href":"https:\/\/api.w.org\/{rel}","templated":true}]}}