{"id":7193,"date":"2026-01-08T22:29:22","date_gmt":"2026-01-08T21:29:22","guid":{"rendered":"https:\/\/freyawork.cl\/?post_type=product&#038;p=7193"},"modified":"2026-01-08T22:34:20","modified_gmt":"2026-01-08T21:34:20","slug":"chaleco-geologo-vial-tricot-2","status":"publish","type":"product","link":"https:\/\/freyawork.cl\/?product=chaleco-geologo-vial-tricot-2","title":{"rendered":"Chaleco Ge\u00f3logo Vial Tricot"},"content":{"rendered":"<h2>Descripci\u00f3n<\/h2>\n<p>Chaleco multibolsillo cuyo dise\u00f1o presenta alta preocupaci\u00f3n de detalles y comodidad, en tus largas jornadas laborales, entregando la mejor combinaci\u00f3n entre calidad y confort.<\/p>\n","protected":false},"excerpt":{"rendered":"<p>Chaleco multibolsillo de Alta Visibilidad, cuyo dise\u00f1o presenta alta preocupaci\u00f3n de detalles y comodidad.<\/p>\n","protected":false},"featured_media":7207,"comment_status":"open","ping_status":"closed","template":"","meta":[],"product_brand":[],"product_cat":[90,91],"product_tag":[102],"class_list":{"0":"post-7193","1":"product","2":"type-product","3":"status-publish","4":"has-post-thumbnail","6":"product_cat-ropa-de-trabajo","7":"product_cat-ropa-tecnica","8":"product_tag-geologos","10":"first","11":"instock","12":"shipping-taxable","13":"purchasable","14":"product-type-variable"},"jetpack_sharing_enabled":true,"_links":{"self":[{"href":"https:\/\/freyawork.cl\/index.php?rest_route=\/wp\/v2\/product\/7193","targetHints":{"allow":["GET"]}}],"collection":[{"href":"https:\/\/freyawork.cl\/index.php?rest_route=\/wp\/v2\/product"}],"about":[{"href":"https:\/\/freyawork.cl\/index.php?rest_route=\/wp\/v2\/types\/product"}],"replies":[{"embeddable":true,"href":"https:\/\/freyawork.cl\/index.php?rest_route=%2Fwp%2Fv2%2Fcomments&post=7193"}],"wp:featuredmedia":[{"embeddable":true,"href":"https:\/\/freyawork.cl\/index.php?rest_route=\/wp\/v2\/media\/7207"}],"wp:attachment":[{"href":"https:\/\/freyawork.cl\/index.php?rest_route=%2Fwp%2Fv2%2Fmedia&parent=7193"}],"wp:term":[{"taxonomy":"product_brand","embeddable":true,"href":"https:\/\/freyawork.cl\/index.php?rest_route=%2Fwp%2Fv2%2Fproduct_brand&post=7193"},{"taxonomy":"product_cat","embeddable":true,"href":"https:\/\/freyawork.cl\/index.php?rest_route=%2Fwp%2Fv2%2Fproduct_cat&post=7193"},{"taxonomy":"product_tag","embeddable":true,"href":"https:\/\/freyawork.cl\/index.php?rest_route=%2Fwp%2Fv2%2Fproduct_tag&post=7193"}],"curies":[{"name":"wp","href":"https:\/\/api.w.org\/{rel}","templated":true}]}}