{"id":8241,"date":"2026-01-12T21:24:11","date_gmt":"2026-01-12T20:24:11","guid":{"rendered":"https:\/\/freyawork.cl\/?post_type=product&#038;p=8241"},"modified":"2026-01-14T14:21:04","modified_gmt":"2026-01-14T13:21:04","slug":"polera-polo-dryfresh-smooth-60-algodon-manga-larga-hombre","status":"publish","type":"product","link":"https:\/\/freyawork.cl\/?product=polera-polo-dryfresh-smooth-60-algodon-manga-larga-hombre","title":{"rendered":"Polera Polo DryFresh Smooth\u00ae 60% Algod\u00f3n Manga Larga Hombre"},"content":{"rendered":"<h2>Descripci\u00f3n<\/h2>\n<p>Su durabilidad es una de sus cualidades destacadas, lo que significa que esta polera est\u00e1 dise\u00f1ada para resistir el desgaste y mantener su integridad incluso despu\u00e9s de un uso repetido, asegurando que sea una inversi\u00f3n a largo plazo. La respirabilidad de esta prenda es excepcional, permitiendo un flujo de aire constante que mantiene tu cuerpo fresco y c\u00f3modo en todo momento, incluso durante los momentos de mayor actividad f\u00edsica. La solidez del color asegura que los tonos vibrantes se mantengan intactos lavado tras lavado, resistiendo a la decoloraci\u00f3n por la exposici\u00f3n al sol o al lavado, manteniendo as\u00ed su apariencia fresca y atractiva. Su ligereza te brinda una sensaci\u00f3n de libertad de movimiento y comodidad durante todo el d\u00eda, sin comprometer su resistencia o funcionalidad. El secado r\u00e1pido es otra de sus ventajas, lo que te permite mantener la frescura en situaciones de sudor o humedad, ya que absorbe y evapora r\u00e1pidamente la transpiraci\u00f3n. El control de humedad es una caracter\u00edstica clave, manteniendo tu piel seca al absorber y eliminar eficazmente el sudor, permiti\u00e9ndote mantener la frescura y la comodidad durante tus actividades diarias o deportivas. Adem\u00e1s, cuenta con protecci\u00f3n UV incorporada, ofreci\u00e9ndote una capa adicional de defensa contra los rayos del sol, protegiendo tu piel de los efectos nocivos de la radiaci\u00f3n solar. En resumen, esta polera no solo es resistente y duradera, sino que tambi\u00e9n est\u00e1 dise\u00f1ada para proporcionarte comodidad, protecci\u00f3n y funcionalidad en cualquier situaci\u00f3n, convirti\u00e9ndola en una elecci\u00f3n ideal para un estilo de vida activo y en\u00e9rgico. Su durabilidad es una de sus cualidades destacadas, lo que significa que esta polera est\u00e1 dise\u00f1ada para resistir el desgaste y mantener su integridad incluso despu\u00e9s de un uso repetido, asegurando que sea una inversi\u00f3n a largo plazo.<\/p>\n","protected":false},"excerpt":{"rendered":"<p>Polo DryFresh Smooth: ideal para altas temperaturas, mangas largas, dise\u00f1o c\u00f3modo y durable con capacidad de secado<\/p>\n","protected":false},"featured_media":8281,"comment_status":"open","ping_status":"closed","template":"","meta":[],"product_brand":[],"product_cat":[66,63],"product_tag":[73],"class_list":{"0":"post-8241","1":"product","2":"type-product","3":"status-publish","4":"has-post-thumbnail","6":"product_cat-poleras-y-camisas","7":"product_cat-ropa-corporativa","8":"product_tag-polera-polo","10":"first","11":"instock","12":"shipping-taxable","13":"purchasable","14":"product-type-variable"},"jetpack_sharing_enabled":true,"_links":{"self":[{"href":"https:\/\/freyawork.cl\/index.php?rest_route=\/wp\/v2\/product\/8241","targetHints":{"allow":["GET"]}}],"collection":[{"href":"https:\/\/freyawork.cl\/index.php?rest_route=\/wp\/v2\/product"}],"about":[{"href":"https:\/\/freyawork.cl\/index.php?rest_route=\/wp\/v2\/types\/product"}],"replies":[{"embeddable":true,"href":"https:\/\/freyawork.cl\/index.php?rest_route=%2Fwp%2Fv2%2Fcomments&post=8241"}],"wp:featuredmedia":[{"embeddable":true,"href":"https:\/\/freyawork.cl\/index.php?rest_route=\/wp\/v2\/media\/8281"}],"wp:attachment":[{"href":"https:\/\/freyawork.cl\/index.php?rest_route=%2Fwp%2Fv2%2Fmedia&parent=8241"}],"wp:term":[{"taxonomy":"product_brand","embeddable":true,"href":"https:\/\/freyawork.cl\/index.php?rest_route=%2Fwp%2Fv2%2Fproduct_brand&post=8241"},{"taxonomy":"product_cat","embeddable":true,"href":"https:\/\/freyawork.cl\/index.php?rest_route=%2Fwp%2Fv2%2Fproduct_cat&post=8241"},{"taxonomy":"product_tag","embeddable":true,"href":"https:\/\/freyawork.cl\/index.php?rest_route=%2Fwp%2Fv2%2Fproduct_tag&post=8241"}],"curies":[{"name":"wp","href":"https:\/\/api.w.org\/{rel}","templated":true}]}}