{"id":8397,"date":"2026-01-14T14:44:34","date_gmt":"2026-01-14T13:44:34","guid":{"rendered":"https:\/\/freyawork.cl\/?post_type=product&#038;p=8397"},"modified":"2026-01-28T09:50:41","modified_gmt":"2026-01-28T12:50:41","slug":"pantalon-gabardina-chef","status":"publish","type":"product","link":"https:\/\/freyawork.cl\/?product=pantalon-gabardina-chef","title":{"rendered":"Pantal\u00f3n Gabardina Chef"},"content":{"rendered":"<h2>Descripci\u00f3n<\/h2>\n<ul>\n<li>Tela Principal Casimir Suave Al Tacto<\/li>\n<li>Media Pretina Elasticada<\/li>\n<li>5 Pasadores Para Cinturon<\/li>\n<li>Bolsillos Frontales Argentinos<\/li>\n<li>Bolsillos Laterales Tipo Cargo Con Ajuste De Tapeta Y Velcro<\/li>\n<li>Todas Las Costuras Reforzadas<\/li>\n<\/ul>\n","protected":false},"excerpt":{"rendered":"<p>Pantal\u00f3n de chef profesional, c\u00f3modo y resistente, dise\u00f1ado con tejido transpirable y ajuste relajado para facilitar el movimiento. Ideal para largas jornadas en la cocina.<\/p>\n","protected":false},"featured_media":8399,"comment_status":"open","ping_status":"closed","template":"","meta":[],"product_brand":[],"product_cat":[92,90],"product_tag":[131],"class_list":{"0":"post-8397","1":"product","2":"type-product","3":"status-publish","4":"has-post-thumbnail","6":"product_cat-ropa-de-cocina","7":"product_cat-ropa-de-trabajo","8":"product_tag-pantalon-chef","10":"first","11":"instock","12":"shipping-taxable","13":"purchasable","14":"product-type-variable"},"jetpack_sharing_enabled":true,"_links":{"self":[{"href":"https:\/\/freyawork.cl\/index.php?rest_route=\/wp\/v2\/product\/8397","targetHints":{"allow":["GET"]}}],"collection":[{"href":"https:\/\/freyawork.cl\/index.php?rest_route=\/wp\/v2\/product"}],"about":[{"href":"https:\/\/freyawork.cl\/index.php?rest_route=\/wp\/v2\/types\/product"}],"replies":[{"embeddable":true,"href":"https:\/\/freyawork.cl\/index.php?rest_route=%2Fwp%2Fv2%2Fcomments&post=8397"}],"wp:featuredmedia":[{"embeddable":true,"href":"https:\/\/freyawork.cl\/index.php?rest_route=\/wp\/v2\/media\/8399"}],"wp:attachment":[{"href":"https:\/\/freyawork.cl\/index.php?rest_route=%2Fwp%2Fv2%2Fmedia&parent=8397"}],"wp:term":[{"taxonomy":"product_brand","embeddable":true,"href":"https:\/\/freyawork.cl\/index.php?rest_route=%2Fwp%2Fv2%2Fproduct_brand&post=8397"},{"taxonomy":"product_cat","embeddable":true,"href":"https:\/\/freyawork.cl\/index.php?rest_route=%2Fwp%2Fv2%2Fproduct_cat&post=8397"},{"taxonomy":"product_tag","embeddable":true,"href":"https:\/\/freyawork.cl\/index.php?rest_route=%2Fwp%2Fv2%2Fproduct_tag&post=8397"}],"curies":[{"name":"wp","href":"https:\/\/api.w.org\/{rel}","templated":true}]}}