{"id":8451,"date":"2026-01-14T15:42:13","date_gmt":"2026-01-14T14:42:13","guid":{"rendered":"https:\/\/freyawork.cl\/?post_type=product&#038;p=8451"},"modified":"2026-01-14T15:43:43","modified_gmt":"2026-01-14T14:43:43","slug":"polera-polo-dryfresh-smooth-60-algodon-manga-larga-hombre-2","status":"publish","type":"product","link":"https:\/\/freyawork.cl\/?product=polera-polo-dryfresh-smooth-60-algodon-manga-larga-hombre-2","title":{"rendered":"Polera Polo DryFresh Smooth\u00ae 60% Algod\u00f3n Manga Larga Hombre"},"content":{"rendered":"<h2>Descripci\u00f3n<\/h2>\n<p>Su durabilidad se ve reforzada con la tecnolog\u00eda antipilling, lo que significa que esta polera resistir\u00e1 el desgaste y mantendr\u00e1 su suavidad y apariencia original incluso despu\u00e9s de m\u00faltiples lavados y usos repetidos.<\/p>\n<p>La respirabilidad de esta prenda es excepcional, permitiendo un flujo de aire constante que mantiene tu cuerpo fresco y c\u00f3modo, incluso durante las actividades m\u00e1s exigentes. Esto se combina con su capacidad de secado r\u00e1pido, que te permite permanecer seco y c\u00f3modo al absorber y evaporar r\u00e1pidamente la humedad. Adem\u00e1s, la estabilidad dimensional asegura que esta polera mantenga su forma y tama\u00f1o originales lavado tras lavado, proporcionando un ajuste consistente y confortable en todo momento.<\/p>\n<p>Su solidez del color garantiza que los tonos vibrantes se mantengan intactos a lo largo del tiempo, resistiendo la decoloraci\u00f3n por la exposici\u00f3n al sol o al lavado, manteniendo su apariencia fresca y llamativa.<\/p>\n<p>El control de humedad te ofrece una sensaci\u00f3n constante de frescura al mantener el sudor alejado de tu piel, manteni\u00e9ndote seco y c\u00f3modo en cualquier situaci\u00f3n. Esta polera es liviana, lo que te brinda una sensaci\u00f3n de libertad de movimiento y comodidad durante todo el d\u00eda, sin agregar peso innecesario. Adem\u00e1s, cuenta con protecci\u00f3n UV incorporada, ofreciendo una capa adicional de defensa contra los rayos del sol, lo que te permite disfrutar del aire libre con mayor tranquilidad y protecci\u00f3n para tu piel.<\/p>\n<p>En resumen, esta polera no solo es duradera y resistente, sino que tambi\u00e9n ofrece un conjunto completo de caracter\u00edsticas que proporcionan confort, protecci\u00f3n y funcionalidad en cualquier actividad que realices.<\/p>\n","protected":false},"excerpt":{"rendered":"<p>Polera manga larga dise\u00f1ada para comodidad y funcionalidad en cualquier situaci\u00f3n, con tecnolog\u00eda de secado r\u00e1pido.<\/p>\n","protected":false},"featured_media":8497,"comment_status":"open","ping_status":"closed","template":"","meta":[],"product_brand":[],"product_cat":[66,63],"product_tag":[73],"class_list":{"0":"post-8451","1":"product","2":"type-product","3":"status-publish","4":"has-post-thumbnail","6":"product_cat-poleras-y-camisas","7":"product_cat-ropa-corporativa","8":"product_tag-polera-polo","10":"first","11":"instock","12":"shipping-taxable","13":"purchasable","14":"product-type-variable"},"jetpack_sharing_enabled":true,"_links":{"self":[{"href":"https:\/\/freyawork.cl\/index.php?rest_route=\/wp\/v2\/product\/8451","targetHints":{"allow":["GET"]}}],"collection":[{"href":"https:\/\/freyawork.cl\/index.php?rest_route=\/wp\/v2\/product"}],"about":[{"href":"https:\/\/freyawork.cl\/index.php?rest_route=\/wp\/v2\/types\/product"}],"replies":[{"embeddable":true,"href":"https:\/\/freyawork.cl\/index.php?rest_route=%2Fwp%2Fv2%2Fcomments&post=8451"}],"wp:featuredmedia":[{"embeddable":true,"href":"https:\/\/freyawork.cl\/index.php?rest_route=\/wp\/v2\/media\/8497"}],"wp:attachment":[{"href":"https:\/\/freyawork.cl\/index.php?rest_route=%2Fwp%2Fv2%2Fmedia&parent=8451"}],"wp:term":[{"taxonomy":"product_brand","embeddable":true,"href":"https:\/\/freyawork.cl\/index.php?rest_route=%2Fwp%2Fv2%2Fproduct_brand&post=8451"},{"taxonomy":"product_cat","embeddable":true,"href":"https:\/\/freyawork.cl\/index.php?rest_route=%2Fwp%2Fv2%2Fproduct_cat&post=8451"},{"taxonomy":"product_tag","embeddable":true,"href":"https:\/\/freyawork.cl\/index.php?rest_route=%2Fwp%2Fv2%2Fproduct_tag&post=8451"}],"curies":[{"name":"wp","href":"https:\/\/api.w.org\/{rel}","templated":true}]}}