{"id":9956,"date":"2026-01-19T07:30:32","date_gmt":"2026-01-19T10:30:32","guid":{"rendered":"https:\/\/freyawork.cl\/?post_type=product&#038;p=9956"},"modified":"2026-01-22T12:58:12","modified_gmt":"2026-01-22T15:58:12","slug":"calzado-seguridad-edelbrock-botin-ed-103","status":"publish","type":"product","link":"https:\/\/freyawork.cl\/?product=calzado-seguridad-edelbrock-botin-ed-103","title":{"rendered":"Calzado Seguridad Edelbrock Bot\u00edn 103"},"content":{"rendered":"<h2>Descripci\u00f3n<\/h2>\n<p>Botin de seguridad femenino de cuero Nobuck Blanco, plantilla interior con tecnolog\u00eda Shock absorber para un caminar m\u00e1s agradable. La entre suela de EVA permite mayor comodidad y flexibilidad del calzado en el d\u00eda a d\u00eda. Este calzado de suela de caucho es resistente a derivados de hidrocarburo y diel\u00e9ctrico (aislante el\u00e9ctrico). Certificado bajo NCH.<\/p>\n","protected":false},"excerpt":{"rendered":"<p>Bot\u00edn de seguridad Edelbrock ED 103, dise\u00f1ado para m\u00e1xima protecci\u00f3n y confort. Fabricado con materiales resistentes, cuenta con puntera reforzada, suela antideslizante y tecnolog\u00eda que garantiza durabilidad y seguridad en el trabajo.<\/p>\n","protected":false},"featured_media":9969,"comment_status":"open","ping_status":"closed","template":"","meta":[],"product_brand":[],"product_cat":[97,99],"product_tag":[117],"class_list":{"0":"post-9956","1":"product","2":"type-product","3":"status-publish","4":"has-post-thumbnail","6":"product_cat-calzado","7":"product_cat-mujer","8":"product_tag-botines-mujer","10":"first","11":"instock","12":"shipping-taxable","13":"purchasable","14":"product-type-variable"},"jetpack_sharing_enabled":true,"_links":{"self":[{"href":"https:\/\/freyawork.cl\/index.php?rest_route=\/wp\/v2\/product\/9956","targetHints":{"allow":["GET"]}}],"collection":[{"href":"https:\/\/freyawork.cl\/index.php?rest_route=\/wp\/v2\/product"}],"about":[{"href":"https:\/\/freyawork.cl\/index.php?rest_route=\/wp\/v2\/types\/product"}],"replies":[{"embeddable":true,"href":"https:\/\/freyawork.cl\/index.php?rest_route=%2Fwp%2Fv2%2Fcomments&post=9956"}],"wp:featuredmedia":[{"embeddable":true,"href":"https:\/\/freyawork.cl\/index.php?rest_route=\/wp\/v2\/media\/9969"}],"wp:attachment":[{"href":"https:\/\/freyawork.cl\/index.php?rest_route=%2Fwp%2Fv2%2Fmedia&parent=9956"}],"wp:term":[{"taxonomy":"product_brand","embeddable":true,"href":"https:\/\/freyawork.cl\/index.php?rest_route=%2Fwp%2Fv2%2Fproduct_brand&post=9956"},{"taxonomy":"product_cat","embeddable":true,"href":"https:\/\/freyawork.cl\/index.php?rest_route=%2Fwp%2Fv2%2Fproduct_cat&post=9956"},{"taxonomy":"product_tag","embeddable":true,"href":"https:\/\/freyawork.cl\/index.php?rest_route=%2Fwp%2Fv2%2Fproduct_tag&post=9956"}],"curies":[{"name":"wp","href":"https:\/\/api.w.org\/{rel}","templated":true}]}}